{"id":2488,"date":"2021-04-21T05:48:21","date_gmt":"2021-04-21T04:48:21","guid":{"rendered":"http:\/\/dukeanddots.com.br\/clientes\/samcon\/site\/ge\/?page_id=2488"},"modified":"2021-04-27T13:39:09","modified_gmt":"2021-04-27T12:39:09","slug":"care","status":"publish","type":"page","link":"http:\/\/dukeanddots.com.br\/clientes\/samcon\/site\/ge\/care\/","title":{"rendered":"Betreuung"},"content":{"rendered":"<div class=\"section-full-width section-light2\" style=\"background-color:#ffffff;\" id=\"betreuung\"><div class=\"section-boxed\" style=\"color:#000000;\"><h2 class=\"section-title\" style=\"color:#000000;\">Betreuung<\/h2><p>&nbsp;<\/p>\n<div class=\"box-col-9\">Will ein Mensch das Erwachsenenalter erreichen, muss er einen Gro\u00dfteil seiner ersten Lebensjahre beh\u00fctet werden. Aber was geschieht, wenn diese Art der Betreuung von intelligenten Technologien \u00fcbernommen wird? Die vergangenen zehn Jahre haben einen starken Zuwachs an Technologien gebracht, die Kinder digital \u00fcberwachen. Von Socken, die biologische Signale von Babys \u00fcberwachen bis zur Software, die Jugendliche im Internet verfolgen. Dieses Postdoktorandenprojekt befasst sich damit, wie neue Formen der \u00dcberwachung die Eltern-Kind-Beziehung neu gestaltet. Unter besonderer Ber\u00fccksichtigung der Verwendung von Aufpass-Apps (Anwendungen auf Smart Devices, die den Standort von Kindern aus der Ferne \u00fcberwachen) wird untersucht, wie sich diese urspr\u00fcngliche Beziehung zwischen Beobachter und Beobachtetem entwickelt. Die Untersuchung findet in Deutschland statt, wo Nutzen und Risiken dieses neuen Wirtschaftszweiges Gegenstand einer hitzigen Debatte sind.<\/div>\n<div class=\"box-col-3\"><img decoding=\"async\" class=\"img-frame alignright\" src=\"http:\/\/dukeanddots.com.br\/clientes\/samcon\/site\/ge\/wp-content\/uploads\/2021\/04\/img_care_.jpg\" width=\"100%\" \/><\/div>\n<p>&nbsp;<\/p>\n<p>\n<\/div><\/div>\n<div class=\"section-full-width section-light2\" style=\"background-color:#f2f2f2;\" id=\"weitereprojekte\"><div class=\"section-boxed\" style=\"color:#000;\"><h2 class=\"section-title\" style=\"color:#000;\">Weitere Projekte<\/h2><div class=\"services-wrapper services-boxed-photo cols-wrapper cols-3\"><div class=\"services-box col\"><a href=\"http:\/\/dukeanddots.com.br\/clientes\/samcon\/site\/ge\/citizenship\/\"><div class=\"img-container\"><img decoding=\"async\" src=\"http:\/\/dukeanddots.com.br\/clientes\/samcon\/site\/ge\/wp-content\/uploads\/2021\/04\/project_citizenship-368x245.jpg\" alt=\"B\u00dcRGER\"\/><\/div><\/a><div class=\"services-content\"><div class=\"sc-wraper\"><h3><a href=\"http:\/\/dukeanddots.com.br\/clientes\/samcon\/site\/ge\/citizenship\/\">B\u00dcRGER<\/a><\/h3><\/div><\/div><\/div><div class=\"services-box col\"><a href=\"http:\/\/dukeanddots.com.br\/clientes\/samcon\/site\/ge\/health\/\"><div class=\"img-container\"><img decoding=\"async\" src=\"http:\/\/dukeanddots.com.br\/clientes\/samcon\/site\/ge\/wp-content\/uploads\/2021\/04\/project_health-368x245.jpg\" alt=\"GESUNDHEIT\"\/><\/div><\/a><div class=\"services-content\"><div class=\"sc-wraper\"><h3><a href=\"http:\/\/dukeanddots.com.br\/clientes\/samcon\/site\/ge\/health\/\">GESUNDHEIT<\/a><\/h3><\/div><\/div><\/div><div class=\"services-box col nomargin\"><a href=\"http:\/\/dukeanddots.com.br\/clientes\/samcon\/site\/ge\/safety\/\"><div class=\"img-container\"><img decoding=\"async\" src=\"http:\/\/dukeanddots.com.br\/clientes\/samcon\/site\/ge\/wp-content\/uploads\/2021\/04\/img_safety_slider_-368x245.jpg\" alt=\"SICHERHEIT\"\/><\/div><\/a><div class=\"services-content\"><div class=\"sc-wraper\"><h3><a href=\"http:\/\/dukeanddots.com.br\/clientes\/samcon\/site\/ge\/safety\/\">SICHERHEIT<\/a><\/h3><\/div><\/div><\/div><div class=\"clear\"><\/div><\/div>\n<\/div><\/div>\n","protected":false},"excerpt":{"rendered":"","protected":false},"author":1,"featured_media":0,"parent":0,"menu_order":0,"comment_status":"closed","ping_status":"closed","template":"template-full-custom.php","meta":{"footnotes":""},"class_list":["post-2488","page","type-page","status-publish","hentry"],"_links":{"self":[{"href":"http:\/\/dukeanddots.com.br\/clientes\/samcon\/site\/ge\/wp-json\/wp\/v2\/pages\/2488","targetHints":{"allow":["GET"]}}],"collection":[{"href":"http:\/\/dukeanddots.com.br\/clientes\/samcon\/site\/ge\/wp-json\/wp\/v2\/pages"}],"about":[{"href":"http:\/\/dukeanddots.com.br\/clientes\/samcon\/site\/ge\/wp-json\/wp\/v2\/types\/page"}],"author":[{"embeddable":true,"href":"http:\/\/dukeanddots.com.br\/clientes\/samcon\/site\/ge\/wp-json\/wp\/v2\/users\/1"}],"replies":[{"embeddable":true,"href":"http:\/\/dukeanddots.com.br\/clientes\/samcon\/site\/ge\/wp-json\/wp\/v2\/comments?post=2488"}],"version-history":[{"count":10,"href":"http:\/\/dukeanddots.com.br\/clientes\/samcon\/site\/ge\/wp-json\/wp\/v2\/pages\/2488\/revisions"}],"predecessor-version":[{"id":2781,"href":"http:\/\/dukeanddots.com.br\/clientes\/samcon\/site\/ge\/wp-json\/wp\/v2\/pages\/2488\/revisions\/2781"}],"wp:attachment":[{"href":"http:\/\/dukeanddots.com.br\/clientes\/samcon\/site\/ge\/wp-json\/wp\/v2\/media?parent=2488"}],"curies":[{"name":"wp","href":"https:\/\/api.w.org\/{rel}","templated":true}]}}